{"id":360,"date":"2018-03-12T14:21:31","date_gmt":"2018-03-12T17:21:31","guid":{"rendered":"https:\/\/troncosprogresso.com.br\/cidades\/?page_id=360"},"modified":"2021-10-18T21:15:36","modified_gmt":"2021-10-19T00:15:36","slug":"bones-personalizados-em-feira-de-santana-ba","status":"publish","type":"page","link":"https:\/\/troncosprogresso.com.br\/cidades\/bones-personalizados-em-feira-de-santana-ba\/","title":{"rendered":"Tronco bovino e brete para gado em  Feira de Santana BA"},"content":{"rendered":"<div class=\"wpb-content-wrapper\"><p>[vc_row][vc_column][vc_tta_accordion style=&#8221;modern&#8221; shape=&#8221;square&#8221; color=&#8221;white&#8221; c_icon=&#8221;&#8221; active_section=&#8221;0&#8243; css_animation=&#8221;fadeInLeft&#8221; no_fill=&#8221;true&#8221; collapsible_all=&#8221;true&#8221;][vc_tta_section title=&#8221;Troncos progresso equipamentos para manejo bovino&#8221; tab_id=&#8221;saiba-mais&#8221;][vc_column_text css=&#8221;.vc_custom_1634580369906{padding-right: 15px !important;padding-left: 15px !important;}&#8221;]<h1><\/h1>\r\n<p>Procurando por troncos e gradil para gado em , ent\u00e3o podemos ajudar, pois somos o principal distribuidor de troncos do Brasil.<\/p>\r\n<p>Com mais de 30 anos no mercado, a trocos progresso leva as melhores solu\u00e7\u00f5es para manejo bovino. Somos especializados em troncos, bretes, gradil, balan\u00e7as, pescoceiras, cochos e bebedouros para gados e su\u00ednos.<\/p>\r\n<p>Sabemos como \u00e9 dif\u00edcil fazer o manejo bovino, por isso, trouxemos solu\u00e7\u00f5es pr\u00e1ticas e muito eficientes. Nossos produtos permitem um manejo seguro, f\u00e1cil e sem estressar os animais.<\/p>\r\n<p>&nbsp;<\/p>\r\n<h2>Fornecedor de \u00a0<\/h2>\r\n<p>Atendemos todas as regi\u00f5es do Brasil, por isso, podemos afirmar que somos fornecedor de . Nossos troncos s\u00e3o reconhecido pelo alto padr\u00e3o de qualidade, principalmente porque investimos em mat\u00e9rias-primas de primeira linha, tecnologias inovadoras, mas acima de tudo em uma equipe competente e especializada.<\/p>\r\n<p>Em nossa empresa voc\u00ea encontra, troncos para o manejo bovino produzido em madeira de lei, balan\u00e7as para gado com alta precis\u00e3o, gradil com alta resist\u00eancia e projetado para ser eficiente e simples de manusear.<\/p>\r\n<p>Al\u00e9m de troncos, tamb\u00e9m fornecemos outros produtos como pesqueiras, bebedouros, cochos, etc.<\/p>\r\n<p>&nbsp;<\/p>\r\n<h2>Al\u00e9m de , o que mais oferecemos?<\/h2>\r\n<p>Em nossa empresa voc\u00ea encontra muito mais que , isso porque buscamos entender as necessidades de cada cliente, ent\u00e3o propor a melhor solu\u00e7\u00e3o. Mas como fazemos isso?<\/p>\r\n<p>Para alcan\u00e7armos a excel\u00eancia, primeiro de tudo investimos em nossos colaboradores, dessa forma, contamos com um time preparado para entender suas necessidades e propor as melhores solu\u00e7\u00f5es.<\/p>\r\n<p>Al\u00e9m disso, investimos em pesquisas para buscar o que de mais inovador no segmento de manejo animal, al\u00e9m de investirmos em tecnologias inovadoras.<\/p>\r\n<p>Como resultado, aqui voc\u00ea encontra bebedouros bovinos que n\u00e3o enferrujam, balan\u00e7as de alta precis\u00e3o que podem ser instaladas em bretes, troncos em madeira de lei com portas de correr, ducha de veterin\u00e1rio, etc.<\/p>\r\n<p>&nbsp;<\/p>\r\n<h2>F\u00e1brica de <\/h2>\r\n<p>Al\u00e9m de fornecedor de troncos e bretes, tamb\u00e9m somos uma f\u00e1brica, com isso, acompanhamos todos os processos de produ\u00e7\u00e3o. Dessa forma, garantimos o alto padr\u00e3o de qualidade e a efici\u00eancia para nossos clientes.<\/p>\r\n<p>&nbsp;<\/p>\r\n<p>Produtos que fabricamos<\/p>\r\n<p>Bretes para gado.<\/p>\r\n<p>Gradil bovinos<\/p>\r\n<p>Pescoceiras para manejo;<\/p>\r\n<p>Cocho para gados;<\/p>\r\n<p>Bebedouro para gados;<\/p>\r\n<p>Troncos para manejo;<\/p>\r\n<p>Duchas para veterin\u00e1rios;<\/p>\r\n<p>Balan\u00e7as para pesar gados e su\u00ednos<\/p>\r\n<p>&nbsp;<\/p>\r\n<h2>Conclus\u00e3o<\/h2>\r\n<p>Agora que voc\u00ea sabe que fornecemos , que tal entrar em contato conosco e solicitar um or\u00e7amento?<\/p>\r\n<p>Estamos de portas abertas para nossos clientes, voc\u00ea tamb\u00e9m pode solicitar uma assessoria online que nossos representantes ir\u00e3o lhe oferecer um atendimento de qualidade.<\/p>\r\n<p>&nbsp;<\/p>[\/vc_column_text][\/vc_tta_section][\/vc_tta_accordion][vc_column_text]<h3>\u00a0<\/h3>\r\n<h3>\u00a0<\/h3>\r\n<h3 style=\"text-align: center;\">CONHE\u00c7A ALGUMAS OP\u00c7\u00d5ES DE ADESIVO PARA PAREDE<\/h3>\r\n<p style=\"text-align: center;\">Fornecemos op\u00e7\u00f5es para todos os ambientes, desde salas, cozinhas, banheiros, lavanderias, consult\u00f3rios e muito mais.<\/p>[\/vc_column_text][vc_column_text]<table style=\"border-collapse: collapse; width: 100%;\" border=\"1\">\r\n<tbody>\r\n<tr>\r\n<td style=\"width: 33.3333%;\"><a title=\"Tronco stander padr\u00e3o chasis\" href=\"https:\/\/troncosprogresso.com.br\/produto\/tronco-padrao-bovino-stander-chassi\/\"><img decoding=\"async\" src=\"https:\/\/troncosprogresso.com.br\/cidades\/wp-content\/uploads\/2021\/10\/TRONCO-STANDER-PADRAO-CHASSIS-Imagem.jpg\" alt=\"Tronco stander padr\u00e3o chasis\" width=\"100%\" height=\"100%\" \/><\/a><\/td>\r\n<td style=\"width: 33.3333%;\"><a title=\"Tronco stander padr\u00e3o fixo\" href=\"https:\/\/troncosprogresso.com.br\/produto\/tronco-padrao-bovino-stander-fixo\/\"><img decoding=\"async\" src=\"https:\/\/troncosprogresso.com.br\/cidades\/wp-content\/uploads\/2021\/10\/Tronco-Stander-Padrao-Fixo-Imagem.jpg\" alt=\"Tronco stander padr\u00e3o fixo\" width=\"100%\" height=\"100%\" \/><\/a><\/td>\r\n<td style=\"width: 33.3333%;\"><a title=\"Balan\u00e7a bobina conversora\" href=\"https:\/\/troncosprogresso.com.br\/produto\/balanca-eletronica-bovina-conversora\/\"><img decoding=\"async\" src=\"https:\/\/troncosprogresso.com.br\/cidades\/wp-content\/uploads\/2021\/10\/balanca-bovina-conversora.jpg\" alt=\"Balan\u00e7a bobina conversora\" width=\"100%\" height=\"100%\" \/><\/a><\/td>\r\n<\/tr>\r\n<tr>\r\n<td style=\"width: 33.3333%;\"><a title=\"Balan\u00e7a eletr\u00f4nica bovina\" href=\"https:\/\/troncosprogresso.com.br\/produto\/balanca-eletronica-bovina-progresso\/\"><img decoding=\"async\" src=\"https:\/\/troncosprogresso.com.br\/cidades\/wp-content\/uploads\/2021\/10\/balanca-eletronica-bovina.jpg\" alt=\"Balan\u00e7a eletr\u00f4nica bovina\" width=\"100%\" height=\"100%\" \/><\/a><\/td>\r\n<td style=\"width: 33.3333%;\"><a title=\"Balan\u00e7a mec\u00e2nica para brete\" href=\"https:\/\/troncosprogresso.com.br\/produto\/brete-e-balanca-bovina-mecanica\/\"><img decoding=\"async\" src=\"https:\/\/troncosprogresso.com.br\/cidades\/wp-content\/uploads\/2021\/10\/BALANCA-MECANICA-BRETE-IMAGEM.jpg\" alt=\"Balan\u00e7a mec\u00e2nica para brete\" width=\"100%\" height=\"100%\" \/><\/a><\/td>\r\n<td style=\"width: 33.3333%;\"><a title=\"Balan\u00e7a mec\u00e2nica com pescoceira e vazieira\" href=\"https:\/\/troncosprogresso.com.br\/produto\/gradil-bovino-com-balanca-mecanica-1500-kg\/\"><img decoding=\"async\" src=\"https:\/\/troncosprogresso.com.br\/cidades\/wp-content\/uploads\/2021\/10\/BALANCA-MECANICA-COM-PESCOCEIRA-E-VAZIEIRA-imagem.jpg\" alt=\"Balan\u00e7a mec\u00e2nica com pescoceira e vazieira\" width=\"100%\" height=\"100%\" \/><\/a><\/td>\r\n<\/tr>\r\n<tr>\r\n<td style=\"width: 33.3333%;\"><a title=\"Balan\u00e7a bovina retangular\" href=\"https:\/\/troncosprogresso.com.br\/produto\/balanca-bovina-mecanica-retangular\/\"><img decoding=\"async\" src=\"https:\/\/troncosprogresso.com.br\/cidades\/wp-content\/uploads\/2021\/10\/balanca-mecanica-retangular.jpg\" alt=\"Balan\u00e7a bovina retangular\" width=\"100%\" height=\"100%\" \/><\/a><\/td>\r\n<td style=\"width: 33.3333%;\"><a title=\"Balan\u00e7a para su\u00ednos e ov\u00ednos\" href=\"https:\/\/troncosprogresso.com.br\/produto\/balanca-para-suinos-ovinos-gradil-metalico-500-kg\/\"><img decoding=\"async\" src=\"https:\/\/troncosprogresso.com.br\/cidades\/wp-content\/uploads\/2021\/10\/balanca-suinos-ovinos-gradil-em-metal.jpg\" alt=\"Balan\u00e7a para su\u00ednos e ov\u00ednos\" width=\"100%\" height=\"100%\" \/><\/a><\/td>\r\n<td style=\"width: 33.3333%;\"><a title=\"Balan\u00e7a para su\u00ednos e ovinos m\u00f3vel\" href=\"https:\/\/troncosprogresso.com.br\/produto\/balanca-para-suinos-ovinos-movel-500-kg\/\"><img decoding=\"async\" src=\"https:\/\/troncosprogresso.com.br\/cidades\/wp-content\/uploads\/2021\/10\/balanca-suinos-ovinos-movel.jpg\" alt=\"Balan\u00e7a para su\u00ednos e ovinos m\u00f3vel\" width=\"100%\" height=\"100%\" \/><\/a><\/td>\r\n<\/tr>\r\n<tr>\r\n<td style=\"width: 33.3333%;\"><a title=\"Barras de pesagem bovina\" href=\"https:\/\/troncosprogresso.com.br\/produto\/barras-de-pesagem-bovina\/\"><img decoding=\"async\" src=\"https:\/\/troncosprogresso.com.br\/cidades\/wp-content\/uploads\/2021\/10\/barras-de-pesagem-bovina.jpg\" alt=\"Barras de pesagem bovina\" width=\"100%\" height=\"100%\" \/><\/a><\/td>\r\n<td style=\"width: 33.3333%;\"><a title=\"Bebedouro Australiano de fundo conico\" href=\"https:\/\/troncosprogresso.com.br\/produto\/bebedouro-australiano-conico-bovino\/\"><img decoding=\"async\" src=\"https:\/\/troncosprogresso.com.br\/cidades\/wp-content\/uploads\/2021\/10\/Bebedouro-Australiano-De-Fundo-Conico-Imagem.jpg\" alt=\"Bebedouro Australiano de fundo conico\" width=\"100%\" height=\"100%\" \/><\/a><\/td>\r\n<td style=\"width: 33.3333%;\"><a title=\"Bebedouro retangular\" href=\"https:\/\/troncosprogresso.com.br\/produto\/bebedouro-bovino-retangular-troncos-progresso\/\"><img decoding=\"async\" src=\"https:\/\/troncosprogresso.com.br\/cidades\/wp-content\/uploads\/2021\/10\/Bebedouro-Retangular-Imagem.jpg\" alt=\"Bebedouro retangular\" width=\"100%\" height=\"100%\" \/><\/a><\/td>\r\n<\/tr>\r\n<tr>\r\n<td style=\"width: 33.3333%;\"><a title=\"https:\/\/troncosprogresso.com.br\/produto\/cocho-bovino-para-sal-e-racao\/\" href=\"aqui-o-link\"><img decoding=\"async\" src=\"https:\/\/troncosprogresso.com.br\/cidades\/wp-content\/uploads\/2021\/10\/COCHOS-PARA-SAL-E-RACAO-IMAGEM.jpg\" alt=\"Cochos para sal e ra\u00e7\u00e3o\" width=\"100%\" height=\"100%\" \/><\/a><\/td>\r\n<td style=\"width: 33.3333%;\"><a title=\"Ducha para gado e cavalos Progresso\" href=\"https:\/\/troncosprogresso.com.br\/produto\/ducha-veterinaria-bovina\/\"><img decoding=\"async\" src=\"https:\/\/troncosprogresso.com.br\/cidades\/wp-content\/uploads\/2021\/10\/DUCHA-PROGRESSO-Imagem.jpg\" alt=\"Ducha para gado e cavalos Progresso\" width=\"100%\" height=\"100%\" \/><\/a><\/td>\r\n<td style=\"width: 33.3333%;\"><a title=\"Gradil para balan\u00e7a eletr\u00f4nica com pescoceira e vazieita\" href=\"https:\/\/troncosprogresso.com.br\/produto\/gradil-bovino-com-pescoceira-e-vazieira-troncos-progresso\/\"><img decoding=\"async\" src=\"https:\/\/troncosprogresso.com.br\/cidades\/wp-content\/uploads\/2021\/10\/GRADIL-PARA-BALANCA-ELETRONICA-COM-PESCOCEIRA-E-VAZIEIRA-Imagem.jpg\" alt=\"Gradil para balan\u00e7a eletr\u00f4nica com pescoceira e vazieita\" width=\"100%\" height=\"100%\" \/><\/a><\/td>\r\n<\/tr>\r\n<tr>\r\n<td style=\"width: 33.3333%;\"><a title=\"Gradil para balan\u00e7a eletr\u00f4nica grete\" href=\"https:\/\/troncosprogresso.com.br\/produto\/gradil-bovino-para-balanca-eletronica\/\"><img decoding=\"async\" src=\"https:\/\/troncosprogresso.com.br\/cidades\/wp-content\/uploads\/2021\/10\/GRADIL-PARA-BALANCA-ELETRONOCA-BRETE-Imagem.jpg\" alt=\"Gradil para balan\u00e7a eletr\u00f4nica grete\" width=\"100%\" height=\"100%\" \/><\/a><\/td>\r\n<td style=\"width: 33.3333%;\"><a title=\"Tronco master para gado\" href=\"https:\/\/troncosprogresso.com.br\/produto\/tronco-americano-bovino-master-polipropileno\/\"><img decoding=\"async\" src=\"https:\/\/troncosprogresso.com.br\/cidades\/wp-content\/uploads\/2021\/10\/MASTER.png\" alt=\"Tronco master para gado\" width=\"100%\" height=\"100%\" \/><\/a><\/td>\r\n<td style=\"width: 33.3333%;\"><a title=\"Pescoceira com caixa da frente\" href=\"https:\/\/troncosprogresso.com.br\/produto\/pescoceira-bovina-com-caixa-da-frente-troncos-progresso\/\"><img decoding=\"async\" src=\"https:\/\/troncosprogresso.com.br\/cidades\/wp-content\/uploads\/2021\/10\/PESCOCEIRA-COM-CAIXA-DA-FRENTE-imagem.jpg\" alt=\"Pescoceira com caixa da frente\" width=\"100%\" height=\"100%\" \/><\/a><\/td>\r\n<\/tr>\r\n<tr>\r\n<td style=\"width: 33.3333%;\"><a title=\"Pescoceira para gado\" href=\"https:\/\/troncosprogresso.com.br\/produto\/pescoceira-bovina-troncos-progresso-desde-1970\/\"><img decoding=\"async\" src=\"https:\/\/troncosprogresso.com.br\/cidades\/wp-content\/uploads\/2021\/10\/PESCOCEIRA-Imagem.jpg\" alt=\"Pescoceira para gado\" width=\"100%\" height=\"100%\" \/><\/a><\/td>\r\n<td style=\"width: 33.3333%;\"><a title=\"Troncos para gados\" href=\"https:\/\/troncosprogresso.com.br\/produto\/tronco-americano-bovino-chassiu\/\"><img decoding=\"async\" src=\"https:\/\/troncosprogresso.com.br\/cidades\/wp-content\/uploads\/2021\/10\/Sem-titulo-1-e1634676812804.png\" alt=\"Troncos para gados\" width=\"100%\" height=\"100%\" \/><\/a><\/td>\r\n<td style=\"width: 33.3333%;\"><a title=\"Tronco modelo americano fixo\" href=\"https:\/\/troncosprogresso.com.br\/produto\/tronco-americano-bovino-fixo\/\"><img decoding=\"async\" src=\"https:\/\/troncosprogresso.com.br\/cidades\/wp-content\/uploads\/2021\/10\/TRONCO-AMERICANO-FIXO-Imagem.jpg\" alt=\"Tronco modelo americano fixo\" width=\"100%\" height=\"100%\" \/><\/a><\/td>\r\n<\/tr>\r\n<tr>\r\n<td style=\"width: 33.3333%;\"><a title=\"Tronco americano modelo master\" href=\"https:\/\/troncosprogresso.com.br\/produto\/tronco-americano-bovino-master-madeira\/\"><img decoding=\"async\" src=\"https:\/\/troncosprogresso.com.br\/cidades\/wp-content\/uploads\/2021\/10\/TRONCO-AMERICANO-MODELO-MASTER-Imagem-3-1.jpg\" alt=\"Tronco americano modelo master\" width=\"100%\" height=\"100%\" \/><\/a><\/td>\r\n<td style=\"width: 33.3333%;\"><a title=\"Tronco americano com sistema de castra\u00e7\u00e3o\" href=\"https:\/\/troncosprogresso.com.br\/produto\/tronco-padrao-bovino-com-sistema-de-castracao\/\"><img decoding=\"async\" src=\"https:\/\/troncosprogresso.com.br\/cidades\/wp-content\/uploads\/2021\/10\/TRONCO-AMERICANO-SISTEMA-DE-CASTRACAO-IMAGEM.jpg\" alt=\"Tronco americano com sistema de castra\u00e7\u00e3o\" width=\"100%\" height=\"100%\" \/><\/a><\/td>\r\n<td style=\"width: 33.3333%;\"><a title=\"Tronco casqueador\" href=\"https:\/\/troncosprogresso.com.br\/produto\/tronco-casqueador-bovino-troncosprogresso\/\"><img decoding=\"async\" src=\"https:\/\/troncosprogresso.com.br\/cidades\/wp-content\/uploads\/2021\/10\/TRONCO-CASQUEADOR-IMAGEM.jpg\" alt=\"Tronco casqueador\" width=\"100%\" height=\"100%\" \/><\/a><\/td>\r\n<\/tr>\r\n<tr>\r\n<td style=\"width: 33.3333%;\"><a title=\"Tronco padr\u00e3o com balan\u00e7a mec\u00e2nica\" href=\"https:\/\/troncosprogresso.com.br\/produto\/tronco-padrao-balanca-mecanica\/\"><img decoding=\"async\" src=\"https:\/\/troncosprogresso.com.br\/cidades\/wp-content\/uploads\/2021\/10\/TRONCO-PADRAO-BALANCA-MECANICA-IMAGEM.jpg\" alt=\"Tronco padr\u00e3o com balan\u00e7a mec\u00e2nica\" width=\"100%\" height=\"100%\" \/><\/a><\/td>\r\n<td style=\"width: 33.3333%;\"><a title=\"Tronco padr\u00e3o chassis\" href=\"https:\/\/troncosprogresso.com.br\/produto\/tronco-padrao-bovino-chassis\/\"><img decoding=\"async\" src=\"https:\/\/troncosprogresso.com.br\/cidades\/wp-content\/uploads\/2021\/10\/TRONCO-PADRAO-CHASSIS-Imagem.jpg\" alt=\"Tronco padr\u00e3o chassis\" width=\"100%\" height=\"100%\" \/><\/a><\/td>\r\n<td style=\"width: 33.3333%;\"><a title=\"Tronco padr\u00e3o fixo\" href=\"https:\/\/troncosprogresso.com.br\/produto\/tronco-padrao-bovino-fixo\/\"><img decoding=\"async\" src=\"https:\/\/troncosprogresso.com.br\/cidades\/wp-content\/uploads\/2021\/10\/tronco-padrao-fixo-Imagem.jpg\" alt=\"Tronco padr\u00e3o fixo\" width=\"100%\" height=\"100%\" \/><\/a><\/td>\r\n<\/tr>\r\n<tr>\r\n<td style=\"width: 33.3333%;\"><a title=\"Tronco padr\u00e3o com sistema de castra\u00e7\u00e3o\" href=\"https:\/\/troncosprogresso.com.br\/produto\/tronco-padrao-bovino-com-sistema-de-castracao\/\"><img decoding=\"async\" src=\"https:\/\/troncosprogresso.com.br\/cidades\/wp-content\/uploads\/2021\/10\/TRONCO-PADRAO-SISTEMADE-CASTRACAO-Imagem.jpg\" alt=\"Tronco padr\u00e3o com sistema de castra\u00e7\u00e3o\" width=\"100%\" height=\"100%\" \/><\/a><\/td>\r\n<td style=\"width: 33.3333%;\"><a title=\"Tronco stander americano chassis\" href=\"https:\/\/troncosprogresso.com.br\/produto\/tronco-padrao-bovino-stander-chassi\/\"><img decoding=\"async\" src=\"https:\/\/troncosprogresso.com.br\/cidades\/wp-content\/uploads\/2021\/10\/TRONCO-STANDER-AMERICANO-CHASSIS-IMAGEM.jpg\" alt=\"Tronco stander americano chassis\" width=\"100%\" height=\"100%\" \/><\/a><\/td>\r\n<td style=\"width: 33.3333%;\"><a title=\"Tronco stander padr\u00e3o com balan\u00e7a mec\u00e2nica\" href=\"https:\/\/troncosprogresso.com.br\/produto\/tronco-padrao-bovino-stander-com-balanca-mecanica\/\"><img decoding=\"async\" src=\"https:\/\/troncosprogresso.com.br\/cidades\/wp-content\/uploads\/2021\/10\/TRONCO-STANDER-PADRAO-BALANCA-MECANICA-imagem.jpg\" alt=\"Tronco stander padr\u00e3o com balan\u00e7a mec\u00e2nica\" width=\"100%\" height=\"100%\" \/><\/a><\/td>\r\n<\/tr>\r\n<\/tbody>\r\n<\/table>[\/vc_column_text][vc_column_text][\/vc_column_text][vc_column_text][\/vc_column_text][vc_column_text]<table style=\"height: 30px; width: 100%; border-collapse: collapse; border-color: #000000; background-color: #000000; margin-left: auto; margin-right: auto;\" border=\"1\">\r\n<tbody>\r\n<tr>\r\n<td style=\"width: 100%; text-align: center;\">\r\n<h3><span style=\"color: #ffffff;\"><a style=\"color: #ffffff;\" href=\"https:\/\/troncosprogresso.com.br\/produtos\/\"><strong>SOLICITE UM OR\u00c7AMENTO<\/strong><\/a><\/span><\/h3>\r\n<\/td>\r\n<\/tr>\r\n<\/tbody>\r\n<\/table>[\/vc_column_text][vc_column_text][\/vc_column_text][vc_column_text][\/vc_column_text][vc_column_text][\/vc_column_text][vc_column_text][\/vc_column_text][vc_column_text][\/vc_column_text][vc_column_text][\/vc_column_text][vc_column_text][\/vc_column_text][vc_column_text][\/vc_column_text][vc_column_text][\/vc_column_text][vc_column_text][\/vc_column_text][vc_column_text][\/vc_column_text][vc_column_text][\/vc_column_text][vc_column_text][\/vc_column_text][vc_column_text][\/vc_column_text][\/vc_column][\/vc_row]<\/p>\n<\/div>","protected":false},"excerpt":{"rendered":"<p>[vc_row][vc_column][vc_tta_accordion style=&#8221;modern&#8221; shape=&#8221;square&#8221; color=&#8221;white&#8221; c_icon=&#8221;&#8221; active_section=&#8221;0&#8243; css_animation=&#8221;fadeInLeft&#8221; no_fill=&#8221;true&#8221; collapsible_all=&#8221;true&#8221;][vc_tta_section title=&#8221;Troncos progresso equipamentos para manejo bovino&#8221; tab_id=&#8221;saiba-mais&#8221;][vc_column_text css=&#8221;.vc_custom_1634580369906{padding-right: 15px !important;padding-left: 15px !important;}&#8221;][\/vc_column_text][\/vc_tta_section][\/vc_tta_accordion][vc_column_text][\/vc_column_text][vc_column_text][\/vc_column_text][vc_column_text][\/vc_column_text][vc_column_text][\/vc_column_text][vc_column_text][\/vc_column_text][vc_column_text][\/vc_column_text][vc_column_text][\/vc_column_text][vc_column_text][\/vc_column_text][vc_column_text][\/vc_column_text][vc_column_text][\/vc_column_text][vc_column_text][\/vc_column_text][vc_column_text][\/vc_column_text][vc_column_text][\/vc_column_text][vc_column_text][\/vc_column_text][vc_column_text][\/vc_column_text][vc_column_text][\/vc_column_text][vc_column_text][\/vc_column_text][vc_column_text][\/vc_column_text][vc_column_text][\/vc_column_text][\/vc_column][\/vc_row]<\/p>\n","protected":false},"author":1,"featured_media":0,"parent":0,"menu_order":0,"comment_status":"closed","ping_status":"closed","template":"","meta":{"footnotes":""},"class_list":["post-360","page","type-page","status-publish","hentry","description-off"],"yoast_head":"<!-- This site is optimized with the Yoast SEO plugin v27.2 - https:\/\/yoast.com\/product\/yoast-seo-wordpress\/ -->\n<title>Tronco bovino e brete para gado em Feira de Santana BA -<\/title>\n<meta name=\"description\" content=\"Tronco bovino e brete para gado em Feira de Santana BA- Troncos Progresso, equipamentos para menejo bovino, balan\u00e7as para gado, bebedouro, duchas, pescoceira, gradil.\" \/>\n<meta name=\"robots\" content=\"index, follow, max-snippet:-1, max-image-preview:large, max-video-preview:-1\" \/>\n<link rel=\"canonical\" href=\"https:\/\/troncosprogresso.com.br\/cidades\/bones-personalizados-em-feira-de-santana-ba\/\" \/>\n<meta property=\"og:locale\" content=\"pt_BR\" \/>\n<meta property=\"og:type\" content=\"article\" \/>\n<meta property=\"og:title\" content=\"Tronco bovino e brete para gado em Feira de Santana BA -\" \/>\n<meta property=\"og:description\" content=\"Tronco bovino e brete para gado em Feira de Santana BA- Troncos Progresso, equipamentos para menejo bovino, balan\u00e7as para gado, bebedouro, duchas, pescoceira, gradil.\" \/>\n<meta property=\"og:url\" content=\"https:\/\/troncosprogresso.com.br\/cidades\/bones-personalizados-em-feira-de-santana-ba\/\" \/>\n<meta property=\"og:site_name\" content=\"Troncos Progresso\" \/>\n<meta property=\"article:modified_time\" content=\"2021-10-19T00:15:36+00:00\" \/>\n<meta name=\"twitter:card\" content=\"summary_large_image\" \/>\n<meta name=\"twitter:label1\" content=\"Est. tempo de leitura\" \/>\n\t<meta name=\"twitter:data1\" content=\"1 minuto\" \/>\n<script type=\"application\/ld+json\" class=\"yoast-schema-graph\">{\"@context\":\"https:\/\/schema.org\",\"@graph\":[{\"@type\":\"WebPage\",\"@id\":\"https:\/\/troncosprogresso.com.br\/cidades\/bones-personalizados-em-feira-de-santana-ba\/\",\"url\":\"https:\/\/troncosprogresso.com.br\/cidades\/bones-personalizados-em-feira-de-santana-ba\/\",\"name\":\"Tronco bovino e brete para gado em Feira de Santana BA -\",\"isPartOf\":{\"@id\":\"https:\/\/troncosprogresso.com.br\/cidades\/#website\"},\"datePublished\":\"2018-03-12T17:21:31+00:00\",\"dateModified\":\"2021-10-19T00:15:36+00:00\",\"description\":\"Tronco bovino e brete para gado em Feira de Santana BA- Troncos Progresso, equipamentos para menejo bovino, balan\u00e7as para gado, bebedouro, duchas, pescoceira, gradil.\",\"inLanguage\":\"pt-BR\",\"potentialAction\":[{\"@type\":\"ReadAction\",\"target\":[\"https:\/\/troncosprogresso.com.br\/cidades\/bones-personalizados-em-feira-de-santana-ba\/\"]}]},{\"@type\":\"WebSite\",\"@id\":\"https:\/\/troncosprogresso.com.br\/cidades\/#website\",\"url\":\"https:\/\/troncosprogresso.com.br\/cidades\/\",\"name\":\"Troncos Progresso\",\"description\":\"Fornecedor de troncos para gados\",\"potentialAction\":[{\"@type\":\"SearchAction\",\"target\":{\"@type\":\"EntryPoint\",\"urlTemplate\":\"https:\/\/troncosprogresso.com.br\/cidades\/?s={search_term_string}\"},\"query-input\":{\"@type\":\"PropertyValueSpecification\",\"valueRequired\":true,\"valueName\":\"search_term_string\"}}],\"inLanguage\":\"pt-BR\"}]}<\/script>\n<!-- \/ Yoast SEO plugin. -->","yoast_head_json":{"title":"Tronco bovino e brete para gado em Feira de Santana BA -","description":"Tronco bovino e brete para gado em Feira de Santana BA- Troncos Progresso, equipamentos para menejo bovino, balan\u00e7as para gado, bebedouro, duchas, pescoceira, gradil.","robots":{"index":"index","follow":"follow","max-snippet":"max-snippet:-1","max-image-preview":"max-image-preview:large","max-video-preview":"max-video-preview:-1"},"canonical":"https:\/\/troncosprogresso.com.br\/cidades\/bones-personalizados-em-feira-de-santana-ba\/","og_locale":"pt_BR","og_type":"article","og_title":"Tronco bovino e brete para gado em Feira de Santana BA -","og_description":"Tronco bovino e brete para gado em Feira de Santana BA- Troncos Progresso, equipamentos para menejo bovino, balan\u00e7as para gado, bebedouro, duchas, pescoceira, gradil.","og_url":"https:\/\/troncosprogresso.com.br\/cidades\/bones-personalizados-em-feira-de-santana-ba\/","og_site_name":"Troncos Progresso","article_modified_time":"2021-10-19T00:15:36+00:00","twitter_card":"summary_large_image","twitter_misc":{"Est. tempo de leitura":"1 minuto"},"schema":{"@context":"https:\/\/schema.org","@graph":[{"@type":"WebPage","@id":"https:\/\/troncosprogresso.com.br\/cidades\/bones-personalizados-em-feira-de-santana-ba\/","url":"https:\/\/troncosprogresso.com.br\/cidades\/bones-personalizados-em-feira-de-santana-ba\/","name":"Tronco bovino e brete para gado em Feira de Santana BA -","isPartOf":{"@id":"https:\/\/troncosprogresso.com.br\/cidades\/#website"},"datePublished":"2018-03-12T17:21:31+00:00","dateModified":"2021-10-19T00:15:36+00:00","description":"Tronco bovino e brete para gado em Feira de Santana BA- Troncos Progresso, equipamentos para menejo bovino, balan\u00e7as para gado, bebedouro, duchas, pescoceira, gradil.","inLanguage":"pt-BR","potentialAction":[{"@type":"ReadAction","target":["https:\/\/troncosprogresso.com.br\/cidades\/bones-personalizados-em-feira-de-santana-ba\/"]}]},{"@type":"WebSite","@id":"https:\/\/troncosprogresso.com.br\/cidades\/#website","url":"https:\/\/troncosprogresso.com.br\/cidades\/","name":"Troncos Progresso","description":"Fornecedor de troncos para gados","potentialAction":[{"@type":"SearchAction","target":{"@type":"EntryPoint","urlTemplate":"https:\/\/troncosprogresso.com.br\/cidades\/?s={search_term_string}"},"query-input":{"@type":"PropertyValueSpecification","valueRequired":true,"valueName":"search_term_string"}}],"inLanguage":"pt-BR"}]}},"_links":{"self":[{"href":"https:\/\/troncosprogresso.com.br\/cidades\/wp-json\/wp\/v2\/pages\/360","targetHints":{"allow":["GET"]}}],"collection":[{"href":"https:\/\/troncosprogresso.com.br\/cidades\/wp-json\/wp\/v2\/pages"}],"about":[{"href":"https:\/\/troncosprogresso.com.br\/cidades\/wp-json\/wp\/v2\/types\/page"}],"author":[{"embeddable":true,"href":"https:\/\/troncosprogresso.com.br\/cidades\/wp-json\/wp\/v2\/users\/1"}],"replies":[{"embeddable":true,"href":"https:\/\/troncosprogresso.com.br\/cidades\/wp-json\/wp\/v2\/comments?post=360"}],"version-history":[{"count":0,"href":"https:\/\/troncosprogresso.com.br\/cidades\/wp-json\/wp\/v2\/pages\/360\/revisions"}],"wp:attachment":[{"href":"https:\/\/troncosprogresso.com.br\/cidades\/wp-json\/wp\/v2\/media?parent=360"}],"curies":[{"name":"wp","href":"https:\/\/api.w.org\/{rel}","templated":true}]}}